{"id":580,"date":"2017-07-17T23:15:31","date_gmt":"2017-07-17T23:15:31","guid":{"rendered":"https:\/\/abcdrivers.thisistap.com\/?page_id=580\/"},"modified":"2017-09-28T03:24:28","modified_gmt":"2017-09-28T03:24:28","slug":"sergio","status":"publish","type":"page","link":"https:\/\/abculturaldrivers.com\/es\/nosotros\/sergio\/","title":{"rendered":"Sergio Omar Salazar"},"content":{"rendered":"<p>Sergio O. Salazar es Maestro en Comunicaci\u00f3n, profesor universitario de tiempo completo, bibliotecario, corrector, editor acad\u00e9mico y traductor biling\u00fce (ingl\u00e9s y espa\u00f1ol) establecido en Guadalajara, M\u00e9xico.<\/p>\n<p>En enero de 2014 Sergio fue distinguido como profesor asociado de la Direcci\u00f3n de Informaci\u00f3n Acad\u00e9mica de <a href=\"https:\/\/www.iteso.mx\/\">ITESO<\/a>, Universidad Jesuita de Guadalajara, despu\u00e9s de tres a\u00f1os como docente de cursos sobre manejo de informaci\u00f3n y teor\u00eda y an\u00e1lisis cultural en el Departamento de Estudios Socioculturales. Adem\u00e1s de ser docente, actualmente se desempe\u00f1a en la misma universidad como asesor acad\u00e9mico en la Biblioteca Dr. Jorge Villalobos Padilla y tambi\u00e9n est\u00e1 a cargo de los proyectos de evaluaci\u00f3n de la biblioteca. Como asistente de investigaci\u00f3n trabaj\u00f3 en la C\u00e1tedra de Investigaci\u00f3n en Responsabilidad Social, Comunicaci\u00f3n, \u00c9tica y Ciudadan\u00eda del Tecnol\u00f3gico de Monterrey (ITESM) y en el proyecto Cuerpos Intervenidos y Subjetividades Emergentes (ITESO).<\/p>\n<p>Cuenta con ponencias y trabajos de investigaci\u00f3n en torno a los estudios de g\u00e9nero, las masculinidades y la intersecci\u00f3n entre religiosidad y diversidad sexual. Fue editor (2009), traductor y corrector (2006-2008) de Tendencias, Revista de Estudios Internacionales, publicada por el Tecnol\u00f3gico de Monterrey. En 2012 Sergio empez\u00f3 a ofrecer sus servicios como editor y traductor independiente, corrigiendo y editando tesis, art\u00edculos, cap\u00edtulos de libro, as\u00ed como traduciendo contenidos tanto comerciales como acad\u00e9micos para clientes como <a href=\"http:\/\/en.lea-la.com\/\">L\u00e9aLA<\/a>, Feria del libro en espa\u00f1ol de Los \u00c1ngeles; el <a href=\"http:\/\/www.ficg.mx\/32\/index.php\/es\/\">Festival Internacional de Cine en Guadalajara<\/a>; Graphic Speech y la <a href=\"https:\/\/www.urjc.es\/\">Universidad Rey Juan Carlos<\/a> en Madrid, Espa\u00f1a. Ha sido invitado a impartir seminarios sobre elaboraci\u00f3n y publicaci\u00f3n de art\u00edculos acad\u00e9micos para estudiantes de posgrado de la Facultad de Negocios e Ingenier\u00eda de la <a href=\"http:\/\/www.uabc.mx\/\">Universidad Aut\u00f3noma de Baja California<\/a> en Tecate, M\u00e9xico y ha sido colaborador del Instituto Jalisciense de las Mujeres impartiendo un taller sobre nuevas masculinidades para la prevenci\u00f3n de la violencia de g\u00e9nero a hombres ind\u00edgenas de Guadalajara.<\/p>\n<p>Sergio es Maestro en Comunicaci\u00f3n de la Ciencia y la Cultura por (ITESO, 2012) y Licenciado en Ciencias de la Comunicaci\u00f3n (ITESM, 2008), ha cursado estudios de g\u00e9nero y sexualidad en la <a href=\"http:\/\/www.birmingham.ac.uk\/schools\/social-policy\/departments\/social-policy-sociology-criminology\/index.aspx\">Facultad de Sociolog\u00eda de la Universidad de Birmingham, Inglaterra<\/a>, as\u00ed como en el <a href=\"http:\/\/www.udg.mx\/en\/university-network\/university-centers\/cucs\">Programa de Doctorado en Ciencias de la Salud P\u00fablica del Centro Universitario de Ciencias de la Salud de la Universidad de Guadalajara<\/a> y recientemente el seminario Sexualidad, Derechos Humanos y Sociedad en ITESO.<\/p>\n<p>&nbsp;<\/p>\n<div class=\"content-box\">\n<h3>Comunicarse con Sergio<\/h3>\n<p>Bah\u00eda de Acapulco 3100-11, Parques del Bosque<br \/>\nTlaquepaque, Jalisco Mexico 45609<br \/>\n+52.133.1461.4426<br \/>\n<a href=\"mailto:sergio@abculturaldrivers.com\">sergio@abculturaldrivers.com<\/a><\/p>\n<\/div>\n","protected":false},"excerpt":{"rendered":"<p>Investigador Asociado<br \/>\n<a href=\"mailto:sergio.omar@gmail.com\">sergio@abculturaldrivers.com<\/a><br \/>\n+52.133.1461.4426<\/p>\n","protected":false},"author":1,"featured_media":114,"parent":544,"menu_order":0,"comment_status":"closed","ping_status":"closed","template":"","meta":{"_acf_changed":false,"_exactmetrics_skip_tracking":false,"_exactmetrics_sitenote_active":false,"_exactmetrics_sitenote_note":"","_exactmetrics_sitenote_category":0,"_genesis_hide_title":false,"_genesis_hide_breadcrumbs":false,"_genesis_hide_singular_image":false,"_genesis_hide_footer_widgets":false,"_genesis_custom_body_class":"","_genesis_custom_post_class":"","_genesis_layout":"","footnotes":""},"class_list":{"0":"post-580","1":"page","2":"type-page","3":"status-publish","4":"has-post-thumbnail","6":"entry"},"acf":[],"yoast_head":"<!-- This site is optimized with the Yoast SEO plugin v27.3 - https:\/\/yoast.com\/product\/yoast-seo-wordpress\/ -->\n<title>Sergio Omar Salazar - AB Cultural Drivers<\/title>\n<meta name=\"robots\" content=\"index, follow, max-snippet:-1, max-image-preview:large, max-video-preview:-1\" \/>\n<link rel=\"canonical\" href=\"https:\/\/abculturaldrivers.com\/es\/nosotros\/sergio\/\" \/>\n<meta property=\"og:locale\" content=\"es_ES\" \/>\n<meta property=\"og:type\" content=\"article\" \/>\n<meta property=\"og:title\" content=\"Sergio Omar Salazar - AB Cultural Drivers\" \/>\n<meta property=\"og:description\" content=\"Investigador Asociado sergio@abculturaldrivers.com +52.133.1461.4426\" \/>\n<meta property=\"og:url\" content=\"https:\/\/abculturaldrivers.com\/es\/nosotros\/sergio\/\" \/>\n<meta property=\"og:site_name\" content=\"AB Cultural Drivers\" \/>\n<meta property=\"article:modified_time\" content=\"2017-09-28T03:24:28+00:00\" \/>\n<meta property=\"og:image\" content=\"https:\/\/abculturaldrivers.com\/wp-content\/uploads\/2016\/10\/sergio-omar-salazar.jpg\" \/>\n\t<meta property=\"og:image:width\" content=\"2048\" \/>\n\t<meta property=\"og:image:height\" content=\"1367\" \/>\n\t<meta property=\"og:image:type\" content=\"image\/jpeg\" \/>\n<meta name=\"twitter:card\" content=\"summary_large_image\" \/>\n<meta name=\"twitter:label1\" content=\"Tiempo de lectura\" \/>\n\t<meta name=\"twitter:data1\" content=\"2 minutos\" \/>\n<script type=\"application\/ld+json\" class=\"yoast-schema-graph\">{\"@context\":\"https:\\\/\\\/schema.org\",\"@graph\":[{\"@type\":\"WebPage\",\"@id\":\"https:\\\/\\\/abculturaldrivers.com\\\/es\\\/nosotros\\\/sergio\\\/\",\"url\":\"https:\\\/\\\/abculturaldrivers.com\\\/es\\\/nosotros\\\/sergio\\\/\",\"name\":\"Sergio Omar Salazar - AB Cultural Drivers\",\"isPartOf\":{\"@id\":\"https:\\\/\\\/abculturaldrivers.com\\\/#website\"},\"primaryImageOfPage\":{\"@id\":\"https:\\\/\\\/abculturaldrivers.com\\\/es\\\/nosotros\\\/sergio\\\/#primaryimage\"},\"image\":{\"@id\":\"https:\\\/\\\/abculturaldrivers.com\\\/es\\\/nosotros\\\/sergio\\\/#primaryimage\"},\"thumbnailUrl\":\"https:\\\/\\\/abculturaldrivers.com\\\/wp-content\\\/uploads\\\/2016\\\/10\\\/sergio-omar-salazar.jpg\",\"datePublished\":\"2017-07-17T23:15:31+00:00\",\"dateModified\":\"2017-09-28T03:24:28+00:00\",\"breadcrumb\":{\"@id\":\"https:\\\/\\\/abculturaldrivers.com\\\/es\\\/nosotros\\\/sergio\\\/#breadcrumb\"},\"inLanguage\":\"es\",\"potentialAction\":[{\"@type\":\"ReadAction\",\"target\":[\"https:\\\/\\\/abculturaldrivers.com\\\/es\\\/nosotros\\\/sergio\\\/\"]}]},{\"@type\":\"ImageObject\",\"inLanguage\":\"es\",\"@id\":\"https:\\\/\\\/abculturaldrivers.com\\\/es\\\/nosotros\\\/sergio\\\/#primaryimage\",\"url\":\"https:\\\/\\\/abculturaldrivers.com\\\/wp-content\\\/uploads\\\/2016\\\/10\\\/sergio-omar-salazar.jpg\",\"contentUrl\":\"https:\\\/\\\/abculturaldrivers.com\\\/wp-content\\\/uploads\\\/2016\\\/10\\\/sergio-omar-salazar.jpg\",\"width\":2048,\"height\":1367,\"caption\":\"Sergio Omar Salazar\"},{\"@type\":\"BreadcrumbList\",\"@id\":\"https:\\\/\\\/abculturaldrivers.com\\\/es\\\/nosotros\\\/sergio\\\/#breadcrumb\",\"itemListElement\":[{\"@type\":\"ListItem\",\"position\":1,\"name\":\"Home\",\"item\":\"https:\\\/\\\/abculturaldrivers.com\\\/\"},{\"@type\":\"ListItem\",\"position\":2,\"name\":\"Nosotros\",\"item\":\"https:\\\/\\\/abculturaldrivers.com\\\/es\\\/nosotros\\\/\"},{\"@type\":\"ListItem\",\"position\":3,\"name\":\"Sergio Omar Salazar\"}]},{\"@type\":\"WebSite\",\"@id\":\"https:\\\/\\\/abculturaldrivers.com\\\/#website\",\"url\":\"https:\\\/\\\/abculturaldrivers.com\\\/\",\"name\":\"AB Cultural Drivers\",\"description\":\"Responsive Research and Evaluation\",\"publisher\":{\"@id\":\"https:\\\/\\\/abculturaldrivers.com\\\/#organization\"},\"potentialAction\":[{\"@type\":\"SearchAction\",\"target\":{\"@type\":\"EntryPoint\",\"urlTemplate\":\"https:\\\/\\\/abculturaldrivers.com\\\/?s={search_term_string}\"},\"query-input\":{\"@type\":\"PropertyValueSpecification\",\"valueRequired\":true,\"valueName\":\"search_term_string\"}}],\"inLanguage\":\"es\"},{\"@type\":\"Organization\",\"@id\":\"https:\\\/\\\/abculturaldrivers.com\\\/#organization\",\"name\":\"AB Cultural Drivers\",\"url\":\"https:\\\/\\\/abculturaldrivers.com\\\/\",\"logo\":{\"@type\":\"ImageObject\",\"inLanguage\":\"es\",\"@id\":\"https:\\\/\\\/abculturaldrivers.com\\\/#\\\/schema\\\/logo\\\/image\\\/\",\"url\":\"https:\\\/\\\/abculturaldrivers.com\\\/wp-content\\\/uploads\\\/2016\\\/12\\\/abcd-logo-green-1.png\",\"contentUrl\":\"https:\\\/\\\/abculturaldrivers.com\\\/wp-content\\\/uploads\\\/2016\\\/12\\\/abcd-logo-green-1.png\",\"width\":400,\"height\":32,\"caption\":\"AB Cultural Drivers\"},\"image\":{\"@id\":\"https:\\\/\\\/abculturaldrivers.com\\\/#\\\/schema\\\/logo\\\/image\\\/\"}}]}<\/script>\n<!-- \/ Yoast SEO plugin. -->","yoast_head_json":{"title":"Sergio Omar Salazar - AB Cultural Drivers","robots":{"index":"index","follow":"follow","max-snippet":"max-snippet:-1","max-image-preview":"max-image-preview:large","max-video-preview":"max-video-preview:-1"},"canonical":"https:\/\/abculturaldrivers.com\/es\/nosotros\/sergio\/","og_locale":"es_ES","og_type":"article","og_title":"Sergio Omar Salazar - AB Cultural Drivers","og_description":"Investigador Asociado sergio@abculturaldrivers.com +52.133.1461.4426","og_url":"https:\/\/abculturaldrivers.com\/es\/nosotros\/sergio\/","og_site_name":"AB Cultural Drivers","article_modified_time":"2017-09-28T03:24:28+00:00","og_image":[{"width":2048,"height":1367,"url":"https:\/\/abculturaldrivers.com\/wp-content\/uploads\/2016\/10\/sergio-omar-salazar.jpg","type":"image\/jpeg"}],"twitter_card":"summary_large_image","twitter_misc":{"Tiempo de lectura":"2 minutos"},"schema":{"@context":"https:\/\/schema.org","@graph":[{"@type":"WebPage","@id":"https:\/\/abculturaldrivers.com\/es\/nosotros\/sergio\/","url":"https:\/\/abculturaldrivers.com\/es\/nosotros\/sergio\/","name":"Sergio Omar Salazar - AB Cultural Drivers","isPartOf":{"@id":"https:\/\/abculturaldrivers.com\/#website"},"primaryImageOfPage":{"@id":"https:\/\/abculturaldrivers.com\/es\/nosotros\/sergio\/#primaryimage"},"image":{"@id":"https:\/\/abculturaldrivers.com\/es\/nosotros\/sergio\/#primaryimage"},"thumbnailUrl":"https:\/\/abculturaldrivers.com\/wp-content\/uploads\/2016\/10\/sergio-omar-salazar.jpg","datePublished":"2017-07-17T23:15:31+00:00","dateModified":"2017-09-28T03:24:28+00:00","breadcrumb":{"@id":"https:\/\/abculturaldrivers.com\/es\/nosotros\/sergio\/#breadcrumb"},"inLanguage":"es","potentialAction":[{"@type":"ReadAction","target":["https:\/\/abculturaldrivers.com\/es\/nosotros\/sergio\/"]}]},{"@type":"ImageObject","inLanguage":"es","@id":"https:\/\/abculturaldrivers.com\/es\/nosotros\/sergio\/#primaryimage","url":"https:\/\/abculturaldrivers.com\/wp-content\/uploads\/2016\/10\/sergio-omar-salazar.jpg","contentUrl":"https:\/\/abculturaldrivers.com\/wp-content\/uploads\/2016\/10\/sergio-omar-salazar.jpg","width":2048,"height":1367,"caption":"Sergio Omar Salazar"},{"@type":"BreadcrumbList","@id":"https:\/\/abculturaldrivers.com\/es\/nosotros\/sergio\/#breadcrumb","itemListElement":[{"@type":"ListItem","position":1,"name":"Home","item":"https:\/\/abculturaldrivers.com\/"},{"@type":"ListItem","position":2,"name":"Nosotros","item":"https:\/\/abculturaldrivers.com\/es\/nosotros\/"},{"@type":"ListItem","position":3,"name":"Sergio Omar Salazar"}]},{"@type":"WebSite","@id":"https:\/\/abculturaldrivers.com\/#website","url":"https:\/\/abculturaldrivers.com\/","name":"AB Cultural Drivers","description":"Responsive Research and Evaluation","publisher":{"@id":"https:\/\/abculturaldrivers.com\/#organization"},"potentialAction":[{"@type":"SearchAction","target":{"@type":"EntryPoint","urlTemplate":"https:\/\/abculturaldrivers.com\/?s={search_term_string}"},"query-input":{"@type":"PropertyValueSpecification","valueRequired":true,"valueName":"search_term_string"}}],"inLanguage":"es"},{"@type":"Organization","@id":"https:\/\/abculturaldrivers.com\/#organization","name":"AB Cultural Drivers","url":"https:\/\/abculturaldrivers.com\/","logo":{"@type":"ImageObject","inLanguage":"es","@id":"https:\/\/abculturaldrivers.com\/#\/schema\/logo\/image\/","url":"https:\/\/abculturaldrivers.com\/wp-content\/uploads\/2016\/12\/abcd-logo-green-1.png","contentUrl":"https:\/\/abculturaldrivers.com\/wp-content\/uploads\/2016\/12\/abcd-logo-green-1.png","width":400,"height":32,"caption":"AB Cultural Drivers"},"image":{"@id":"https:\/\/abculturaldrivers.com\/#\/schema\/logo\/image\/"}}]}},"_links":{"self":[{"href":"https:\/\/abculturaldrivers.com\/es\/wp-json\/wp\/v2\/pages\/580","targetHints":{"allow":["GET"]}}],"collection":[{"href":"https:\/\/abculturaldrivers.com\/es\/wp-json\/wp\/v2\/pages"}],"about":[{"href":"https:\/\/abculturaldrivers.com\/es\/wp-json\/wp\/v2\/types\/page"}],"author":[{"embeddable":true,"href":"https:\/\/abculturaldrivers.com\/es\/wp-json\/wp\/v2\/users\/1"}],"replies":[{"embeddable":true,"href":"https:\/\/abculturaldrivers.com\/es\/wp-json\/wp\/v2\/comments?post=580"}],"version-history":[{"count":5,"href":"https:\/\/abculturaldrivers.com\/es\/wp-json\/wp\/v2\/pages\/580\/revisions"}],"predecessor-version":[{"id":664,"href":"https:\/\/abculturaldrivers.com\/es\/wp-json\/wp\/v2\/pages\/580\/revisions\/664"}],"up":[{"embeddable":true,"href":"https:\/\/abculturaldrivers.com\/es\/wp-json\/wp\/v2\/pages\/544"}],"wp:featuredmedia":[{"embeddable":true,"href":"https:\/\/abculturaldrivers.com\/es\/wp-json\/wp\/v2\/media\/114"}],"wp:attachment":[{"href":"https:\/\/abculturaldrivers.com\/es\/wp-json\/wp\/v2\/media?parent=580"}],"curies":[{"name":"wp","href":"https:\/\/api.w.org\/{rel}","templated":true}]}}