{"id":571,"date":"2017-07-17T23:02:09","date_gmt":"2017-07-17T23:02:09","guid":{"rendered":"https:\/\/abcdrivers.thisistap.com\/?page_id=571\/"},"modified":"2017-09-26T23:06:19","modified_gmt":"2017-09-26T23:06:19","slug":"casos","status":"publish","type":"page","link":"https:\/\/abculturaldrivers.com\/es\/casos\/","title":{"rendered":"Casos"},"content":{"rendered":"<div class=\"one-half first\">\n<h2>Investigaci\u00f3n y evaluaci\u00f3n<\/h2>\n<p>Ver ejemplos de nuestro trabajo para mejorar la investigaci\u00f3n y la evaluaci\u00f3n adaptando metodolog\u00edas y dise\u00f1ando procesos que incluyen las experiencias de comunidades espec\u00edficas en t\u00e9rminos culturales y ling\u00fc\u00edsticos.<\/p>\n<p><a class=\"button orange\" href=\"https:\/\/abculturaldrivers.com\/es\/portfolio-type\/investigacion-evaluacion\/\">Ver Casos<\/a><\/p>\n<\/div>\n<div class=\"one-half\">\n<h2>Desarrollo y adaptaci\u00f3n<\/h2>\n<p>Ver ejemplos de nuestro trabajo colaborando con organizaciones para desarrollar, adaptar y evaluar materiales educativos, programas y exhibiciones que requieren aproximaciones culturales y ling\u00fc\u00edsticas espec\u00edficas.<\/p>\n<p><a class=\"button orange\" href=\"https:\/\/abculturaldrivers.com\/es\/portfolio-type\/desarrollo-adaptacion\/\">Ver Casos<\/a><\/p>\n<\/div>\n","protected":false},"excerpt":{"rendered":"<p>Algunos ejemplos de los proyectos en los que hemos tenido el placer de trabajar.<\/p>\n","protected":false},"author":1,"featured_media":0,"parent":0,"menu_order":0,"comment_status":"closed","ping_status":"closed","template":"page-full-width.php","meta":{"_acf_changed":false,"_exactmetrics_skip_tracking":false,"_exactmetrics_sitenote_active":false,"_exactmetrics_sitenote_note":"","_exactmetrics_sitenote_category":0,"_genesis_hide_title":false,"_genesis_hide_breadcrumbs":false,"_genesis_hide_singular_image":false,"_genesis_hide_footer_widgets":false,"_genesis_custom_body_class":"","_genesis_custom_post_class":"","_genesis_layout":"","footnotes":""},"class_list":{"0":"post-571","1":"page","2":"type-page","3":"status-publish","5":"entry"},"acf":[],"yoast_head":"<!-- This site is optimized with the Yoast SEO plugin v27.3 - https:\/\/yoast.com\/product\/yoast-seo-wordpress\/ -->\n<title>Casos - AB Cultural Drivers<\/title>\n<meta name=\"robots\" content=\"index, follow, max-snippet:-1, max-image-preview:large, max-video-preview:-1\" \/>\n<link rel=\"canonical\" href=\"https:\/\/abculturaldrivers.com\/es\/casos\/\" \/>\n<meta property=\"og:locale\" content=\"es_ES\" \/>\n<meta property=\"og:type\" content=\"article\" \/>\n<meta property=\"og:title\" content=\"Casos - AB Cultural Drivers\" \/>\n<meta property=\"og:description\" content=\"Algunos ejemplos de los proyectos en los que hemos tenido el placer de trabajar.\" \/>\n<meta property=\"og:url\" content=\"https:\/\/abculturaldrivers.com\/es\/casos\/\" \/>\n<meta property=\"og:site_name\" content=\"AB Cultural Drivers\" \/>\n<meta property=\"article:modified_time\" content=\"2017-09-26T23:06:19+00:00\" \/>\n<meta property=\"og:image\" content=\"https:\/\/abculturaldrivers.com\/wp-content\/uploads\/2016\/12\/abcd-logo-teal.png\" \/>\n<meta name=\"twitter:card\" content=\"summary_large_image\" \/>\n<script type=\"application\/ld+json\" class=\"yoast-schema-graph\">{\"@context\":\"https:\\\/\\\/schema.org\",\"@graph\":[{\"@type\":\"WebPage\",\"@id\":\"https:\\\/\\\/abculturaldrivers.com\\\/es\\\/casos\\\/\",\"url\":\"https:\\\/\\\/abculturaldrivers.com\\\/es\\\/casos\\\/\",\"name\":\"Casos - AB Cultural Drivers\",\"isPartOf\":{\"@id\":\"https:\\\/\\\/abculturaldrivers.com\\\/#website\"},\"datePublished\":\"2017-07-17T23:02:09+00:00\",\"dateModified\":\"2017-09-26T23:06:19+00:00\",\"breadcrumb\":{\"@id\":\"https:\\\/\\\/abculturaldrivers.com\\\/es\\\/casos\\\/#breadcrumb\"},\"inLanguage\":\"es\",\"potentialAction\":[{\"@type\":\"ReadAction\",\"target\":[\"https:\\\/\\\/abculturaldrivers.com\\\/es\\\/casos\\\/\"]}]},{\"@type\":\"BreadcrumbList\",\"@id\":\"https:\\\/\\\/abculturaldrivers.com\\\/es\\\/casos\\\/#breadcrumb\",\"itemListElement\":[{\"@type\":\"ListItem\",\"position\":1,\"name\":\"Home\",\"item\":\"https:\\\/\\\/abculturaldrivers.com\\\/\"},{\"@type\":\"ListItem\",\"position\":2,\"name\":\"Casos\"}]},{\"@type\":\"WebSite\",\"@id\":\"https:\\\/\\\/abculturaldrivers.com\\\/#website\",\"url\":\"https:\\\/\\\/abculturaldrivers.com\\\/\",\"name\":\"AB Cultural Drivers\",\"description\":\"Responsive Research and Evaluation\",\"publisher\":{\"@id\":\"https:\\\/\\\/abculturaldrivers.com\\\/#organization\"},\"potentialAction\":[{\"@type\":\"SearchAction\",\"target\":{\"@type\":\"EntryPoint\",\"urlTemplate\":\"https:\\\/\\\/abculturaldrivers.com\\\/?s={search_term_string}\"},\"query-input\":{\"@type\":\"PropertyValueSpecification\",\"valueRequired\":true,\"valueName\":\"search_term_string\"}}],\"inLanguage\":\"es\"},{\"@type\":\"Organization\",\"@id\":\"https:\\\/\\\/abculturaldrivers.com\\\/#organization\",\"name\":\"AB Cultural Drivers\",\"url\":\"https:\\\/\\\/abculturaldrivers.com\\\/\",\"logo\":{\"@type\":\"ImageObject\",\"inLanguage\":\"es\",\"@id\":\"https:\\\/\\\/abculturaldrivers.com\\\/#\\\/schema\\\/logo\\\/image\\\/\",\"url\":\"https:\\\/\\\/abculturaldrivers.com\\\/wp-content\\\/uploads\\\/2016\\\/12\\\/abcd-logo-green-1.png\",\"contentUrl\":\"https:\\\/\\\/abculturaldrivers.com\\\/wp-content\\\/uploads\\\/2016\\\/12\\\/abcd-logo-green-1.png\",\"width\":400,\"height\":32,\"caption\":\"AB Cultural Drivers\"},\"image\":{\"@id\":\"https:\\\/\\\/abculturaldrivers.com\\\/#\\\/schema\\\/logo\\\/image\\\/\"}}]}<\/script>\n<!-- \/ Yoast SEO plugin. -->","yoast_head_json":{"title":"Casos - AB Cultural Drivers","robots":{"index":"index","follow":"follow","max-snippet":"max-snippet:-1","max-image-preview":"max-image-preview:large","max-video-preview":"max-video-preview:-1"},"canonical":"https:\/\/abculturaldrivers.com\/es\/casos\/","og_locale":"es_ES","og_type":"article","og_title":"Casos - AB Cultural Drivers","og_description":"Algunos ejemplos de los proyectos en los que hemos tenido el placer de trabajar.","og_url":"https:\/\/abculturaldrivers.com\/es\/casos\/","og_site_name":"AB Cultural Drivers","article_modified_time":"2017-09-26T23:06:19+00:00","og_image":[{"url":"https:\/\/abculturaldrivers.com\/wp-content\/uploads\/2016\/12\/abcd-logo-teal.png","type":"","width":"","height":""}],"twitter_card":"summary_large_image","schema":{"@context":"https:\/\/schema.org","@graph":[{"@type":"WebPage","@id":"https:\/\/abculturaldrivers.com\/es\/casos\/","url":"https:\/\/abculturaldrivers.com\/es\/casos\/","name":"Casos - AB Cultural Drivers","isPartOf":{"@id":"https:\/\/abculturaldrivers.com\/#website"},"datePublished":"2017-07-17T23:02:09+00:00","dateModified":"2017-09-26T23:06:19+00:00","breadcrumb":{"@id":"https:\/\/abculturaldrivers.com\/es\/casos\/#breadcrumb"},"inLanguage":"es","potentialAction":[{"@type":"ReadAction","target":["https:\/\/abculturaldrivers.com\/es\/casos\/"]}]},{"@type":"BreadcrumbList","@id":"https:\/\/abculturaldrivers.com\/es\/casos\/#breadcrumb","itemListElement":[{"@type":"ListItem","position":1,"name":"Home","item":"https:\/\/abculturaldrivers.com\/"},{"@type":"ListItem","position":2,"name":"Casos"}]},{"@type":"WebSite","@id":"https:\/\/abculturaldrivers.com\/#website","url":"https:\/\/abculturaldrivers.com\/","name":"AB Cultural Drivers","description":"Responsive Research and Evaluation","publisher":{"@id":"https:\/\/abculturaldrivers.com\/#organization"},"potentialAction":[{"@type":"SearchAction","target":{"@type":"EntryPoint","urlTemplate":"https:\/\/abculturaldrivers.com\/?s={search_term_string}"},"query-input":{"@type":"PropertyValueSpecification","valueRequired":true,"valueName":"search_term_string"}}],"inLanguage":"es"},{"@type":"Organization","@id":"https:\/\/abculturaldrivers.com\/#organization","name":"AB Cultural Drivers","url":"https:\/\/abculturaldrivers.com\/","logo":{"@type":"ImageObject","inLanguage":"es","@id":"https:\/\/abculturaldrivers.com\/#\/schema\/logo\/image\/","url":"https:\/\/abculturaldrivers.com\/wp-content\/uploads\/2016\/12\/abcd-logo-green-1.png","contentUrl":"https:\/\/abculturaldrivers.com\/wp-content\/uploads\/2016\/12\/abcd-logo-green-1.png","width":400,"height":32,"caption":"AB Cultural Drivers"},"image":{"@id":"https:\/\/abculturaldrivers.com\/#\/schema\/logo\/image\/"}}]}},"_links":{"self":[{"href":"https:\/\/abculturaldrivers.com\/es\/wp-json\/wp\/v2\/pages\/571","targetHints":{"allow":["GET"]}}],"collection":[{"href":"https:\/\/abculturaldrivers.com\/es\/wp-json\/wp\/v2\/pages"}],"about":[{"href":"https:\/\/abculturaldrivers.com\/es\/wp-json\/wp\/v2\/types\/page"}],"author":[{"embeddable":true,"href":"https:\/\/abculturaldrivers.com\/es\/wp-json\/wp\/v2\/users\/1"}],"replies":[{"embeddable":true,"href":"https:\/\/abculturaldrivers.com\/es\/wp-json\/wp\/v2\/comments?post=571"}],"version-history":[{"count":5,"href":"https:\/\/abculturaldrivers.com\/es\/wp-json\/wp\/v2\/pages\/571\/revisions"}],"predecessor-version":[{"id":656,"href":"https:\/\/abculturaldrivers.com\/es\/wp-json\/wp\/v2\/pages\/571\/revisions\/656"}],"wp:attachment":[{"href":"https:\/\/abculturaldrivers.com\/es\/wp-json\/wp\/v2\/media?parent=571"}],"curies":[{"name":"wp","href":"https:\/\/api.w.org\/{rel}","templated":true}]}}