{"id":555,"date":"2017-07-17T22:04:54","date_gmt":"2017-07-17T22:04:54","guid":{"rendered":"https:\/\/abcdrivers.thisistap.com\/?page_id=555\/"},"modified":"2017-09-28T03:30:11","modified_gmt":"2017-09-28T03:30:11","slug":"enfoque","status":"publish","type":"page","link":"https:\/\/abculturaldrivers.com\/es\/nosotros\/enfoque\/","title":{"rendered":"Enfoque"},"content":{"rendered":"<p>Nos aproximamos a nuestro trabajo integr\u00e1ndonos a los equipos de evaluaci\u00f3n y desarrollo de proyectos, llevando nuestros conocimientos y experiencia para trabajar directamente con sus miembros. Hemos trabajado con equipos cuyos enfoques han sido muy distintos: los estrictamente cient\u00edficos o acad\u00e9micos; algunos centrados en la investigaci\u00f3n participativa de las comunidades; otros desde la \u00f3ptica de la educaci\u00f3n popular, as\u00ed como equipos de investigaci\u00f3n y evaluaci\u00f3n que funcionan con estilos propios. Dada la variedad de profesionales con los que hemos trabajado, somos capaces de adaptarnos a diferentes din\u00e1micas de trabajo para contribuir exitosamente a sus proyectos.<\/p>\n<p>Tambi\u00e9n estamos integrados a las comunidades latinas a las que servimos. A trav\u00e9s de nuestras historias personales y con a\u00f1os de trabajo en comunidades latinas, estamos comprometidos a mejorar la calidad de vida para todos. Al ayudar a nuestros clientes a desarrollar sus habilidades de adaptaci\u00f3n cultural, no solo contribuimos a enriquecer la investigaci\u00f3n y evaluaci\u00f3n sobre latinos, sino que avanzamos en nuestro compromiso para mejorar la vida de la comunidad latina en su conjunto.<\/p>\n","protected":false},"excerpt":{"rendered":"<p>No somos un servicio t\u00edpico de consultor\u00eda externa. De hecho no trabajamos desde afuera, por el contrario, nos integramos a las organizaciones para ayudar con las transformaciones desde dentro.<\/p>\n","protected":false},"author":1,"featured_media":0,"parent":544,"menu_order":0,"comment_status":"closed","ping_status":"closed","template":"","meta":{"_acf_changed":false,"_exactmetrics_skip_tracking":false,"_exactmetrics_sitenote_active":false,"_exactmetrics_sitenote_note":"","_exactmetrics_sitenote_category":0,"_genesis_hide_title":false,"_genesis_hide_breadcrumbs":false,"_genesis_hide_singular_image":false,"_genesis_hide_footer_widgets":false,"_genesis_custom_body_class":"","_genesis_custom_post_class":"","_genesis_layout":"","footnotes":""},"class_list":{"0":"post-555","1":"page","2":"type-page","3":"status-publish","5":"entry"},"acf":[],"yoast_head":"<!-- This site is optimized with the Yoast SEO plugin v27.3 - https:\/\/yoast.com\/product\/yoast-seo-wordpress\/ -->\n<title>Enfoque - AB Cultural Drivers<\/title>\n<meta name=\"robots\" content=\"index, follow, max-snippet:-1, max-image-preview:large, max-video-preview:-1\" \/>\n<link rel=\"canonical\" href=\"https:\/\/abculturaldrivers.com\/es\/nosotros\/enfoque\/\" \/>\n<meta property=\"og:locale\" content=\"es_ES\" \/>\n<meta property=\"og:type\" content=\"article\" \/>\n<meta property=\"og:title\" content=\"Enfoque - AB Cultural Drivers\" \/>\n<meta property=\"og:description\" content=\"No somos un servicio t\u00edpico de consultor\u00eda externa. De hecho no trabajamos desde afuera, por el contrario, nos integramos a las organizaciones para ayudar con las transformaciones desde dentro.\" \/>\n<meta property=\"og:url\" content=\"https:\/\/abculturaldrivers.com\/es\/nosotros\/enfoque\/\" \/>\n<meta property=\"og:site_name\" content=\"AB Cultural Drivers\" \/>\n<meta property=\"article:modified_time\" content=\"2017-09-28T03:30:11+00:00\" \/>\n<meta property=\"og:image\" content=\"https:\/\/abculturaldrivers.com\/wp-content\/uploads\/2016\/12\/abcd-logo-teal.png\" \/>\n<meta name=\"twitter:card\" content=\"summary_large_image\" \/>\n<meta name=\"twitter:label1\" content=\"Tiempo de lectura\" \/>\n\t<meta name=\"twitter:data1\" content=\"1 minuto\" \/>\n<script type=\"application\/ld+json\" class=\"yoast-schema-graph\">{\"@context\":\"https:\\\/\\\/schema.org\",\"@graph\":[{\"@type\":\"WebPage\",\"@id\":\"https:\\\/\\\/abculturaldrivers.com\\\/es\\\/nosotros\\\/enfoque\\\/\",\"url\":\"https:\\\/\\\/abculturaldrivers.com\\\/es\\\/nosotros\\\/enfoque\\\/\",\"name\":\"Enfoque - AB Cultural Drivers\",\"isPartOf\":{\"@id\":\"https:\\\/\\\/abculturaldrivers.com\\\/#website\"},\"datePublished\":\"2017-07-17T22:04:54+00:00\",\"dateModified\":\"2017-09-28T03:30:11+00:00\",\"breadcrumb\":{\"@id\":\"https:\\\/\\\/abculturaldrivers.com\\\/es\\\/nosotros\\\/enfoque\\\/#breadcrumb\"},\"inLanguage\":\"es\",\"potentialAction\":[{\"@type\":\"ReadAction\",\"target\":[\"https:\\\/\\\/abculturaldrivers.com\\\/es\\\/nosotros\\\/enfoque\\\/\"]}]},{\"@type\":\"BreadcrumbList\",\"@id\":\"https:\\\/\\\/abculturaldrivers.com\\\/es\\\/nosotros\\\/enfoque\\\/#breadcrumb\",\"itemListElement\":[{\"@type\":\"ListItem\",\"position\":1,\"name\":\"Home\",\"item\":\"https:\\\/\\\/abculturaldrivers.com\\\/\"},{\"@type\":\"ListItem\",\"position\":2,\"name\":\"Nosotros\",\"item\":\"https:\\\/\\\/abculturaldrivers.com\\\/es\\\/nosotros\\\/\"},{\"@type\":\"ListItem\",\"position\":3,\"name\":\"Enfoque\"}]},{\"@type\":\"WebSite\",\"@id\":\"https:\\\/\\\/abculturaldrivers.com\\\/#website\",\"url\":\"https:\\\/\\\/abculturaldrivers.com\\\/\",\"name\":\"AB Cultural Drivers\",\"description\":\"Responsive Research and Evaluation\",\"publisher\":{\"@id\":\"https:\\\/\\\/abculturaldrivers.com\\\/#organization\"},\"potentialAction\":[{\"@type\":\"SearchAction\",\"target\":{\"@type\":\"EntryPoint\",\"urlTemplate\":\"https:\\\/\\\/abculturaldrivers.com\\\/?s={search_term_string}\"},\"query-input\":{\"@type\":\"PropertyValueSpecification\",\"valueRequired\":true,\"valueName\":\"search_term_string\"}}],\"inLanguage\":\"es\"},{\"@type\":\"Organization\",\"@id\":\"https:\\\/\\\/abculturaldrivers.com\\\/#organization\",\"name\":\"AB Cultural Drivers\",\"url\":\"https:\\\/\\\/abculturaldrivers.com\\\/\",\"logo\":{\"@type\":\"ImageObject\",\"inLanguage\":\"es\",\"@id\":\"https:\\\/\\\/abculturaldrivers.com\\\/#\\\/schema\\\/logo\\\/image\\\/\",\"url\":\"https:\\\/\\\/abculturaldrivers.com\\\/wp-content\\\/uploads\\\/2016\\\/12\\\/abcd-logo-green-1.png\",\"contentUrl\":\"https:\\\/\\\/abculturaldrivers.com\\\/wp-content\\\/uploads\\\/2016\\\/12\\\/abcd-logo-green-1.png\",\"width\":400,\"height\":32,\"caption\":\"AB Cultural Drivers\"},\"image\":{\"@id\":\"https:\\\/\\\/abculturaldrivers.com\\\/#\\\/schema\\\/logo\\\/image\\\/\"}}]}<\/script>\n<!-- \/ Yoast SEO plugin. -->","yoast_head_json":{"title":"Enfoque - AB Cultural Drivers","robots":{"index":"index","follow":"follow","max-snippet":"max-snippet:-1","max-image-preview":"max-image-preview:large","max-video-preview":"max-video-preview:-1"},"canonical":"https:\/\/abculturaldrivers.com\/es\/nosotros\/enfoque\/","og_locale":"es_ES","og_type":"article","og_title":"Enfoque - AB Cultural Drivers","og_description":"No somos un servicio t\u00edpico de consultor\u00eda externa. De hecho no trabajamos desde afuera, por el contrario, nos integramos a las organizaciones para ayudar con las transformaciones desde dentro.","og_url":"https:\/\/abculturaldrivers.com\/es\/nosotros\/enfoque\/","og_site_name":"AB Cultural Drivers","article_modified_time":"2017-09-28T03:30:11+00:00","og_image":[{"url":"https:\/\/abculturaldrivers.com\/wp-content\/uploads\/2016\/12\/abcd-logo-teal.png","type":"","width":"","height":""}],"twitter_card":"summary_large_image","twitter_misc":{"Tiempo de lectura":"1 minuto"},"schema":{"@context":"https:\/\/schema.org","@graph":[{"@type":"WebPage","@id":"https:\/\/abculturaldrivers.com\/es\/nosotros\/enfoque\/","url":"https:\/\/abculturaldrivers.com\/es\/nosotros\/enfoque\/","name":"Enfoque - AB Cultural Drivers","isPartOf":{"@id":"https:\/\/abculturaldrivers.com\/#website"},"datePublished":"2017-07-17T22:04:54+00:00","dateModified":"2017-09-28T03:30:11+00:00","breadcrumb":{"@id":"https:\/\/abculturaldrivers.com\/es\/nosotros\/enfoque\/#breadcrumb"},"inLanguage":"es","potentialAction":[{"@type":"ReadAction","target":["https:\/\/abculturaldrivers.com\/es\/nosotros\/enfoque\/"]}]},{"@type":"BreadcrumbList","@id":"https:\/\/abculturaldrivers.com\/es\/nosotros\/enfoque\/#breadcrumb","itemListElement":[{"@type":"ListItem","position":1,"name":"Home","item":"https:\/\/abculturaldrivers.com\/"},{"@type":"ListItem","position":2,"name":"Nosotros","item":"https:\/\/abculturaldrivers.com\/es\/nosotros\/"},{"@type":"ListItem","position":3,"name":"Enfoque"}]},{"@type":"WebSite","@id":"https:\/\/abculturaldrivers.com\/#website","url":"https:\/\/abculturaldrivers.com\/","name":"AB Cultural Drivers","description":"Responsive Research and Evaluation","publisher":{"@id":"https:\/\/abculturaldrivers.com\/#organization"},"potentialAction":[{"@type":"SearchAction","target":{"@type":"EntryPoint","urlTemplate":"https:\/\/abculturaldrivers.com\/?s={search_term_string}"},"query-input":{"@type":"PropertyValueSpecification","valueRequired":true,"valueName":"search_term_string"}}],"inLanguage":"es"},{"@type":"Organization","@id":"https:\/\/abculturaldrivers.com\/#organization","name":"AB Cultural Drivers","url":"https:\/\/abculturaldrivers.com\/","logo":{"@type":"ImageObject","inLanguage":"es","@id":"https:\/\/abculturaldrivers.com\/#\/schema\/logo\/image\/","url":"https:\/\/abculturaldrivers.com\/wp-content\/uploads\/2016\/12\/abcd-logo-green-1.png","contentUrl":"https:\/\/abculturaldrivers.com\/wp-content\/uploads\/2016\/12\/abcd-logo-green-1.png","width":400,"height":32,"caption":"AB Cultural Drivers"},"image":{"@id":"https:\/\/abculturaldrivers.com\/#\/schema\/logo\/image\/"}}]}},"_links":{"self":[{"href":"https:\/\/abculturaldrivers.com\/es\/wp-json\/wp\/v2\/pages\/555","targetHints":{"allow":["GET"]}}],"collection":[{"href":"https:\/\/abculturaldrivers.com\/es\/wp-json\/wp\/v2\/pages"}],"about":[{"href":"https:\/\/abculturaldrivers.com\/es\/wp-json\/wp\/v2\/types\/page"}],"author":[{"embeddable":true,"href":"https:\/\/abculturaldrivers.com\/es\/wp-json\/wp\/v2\/users\/1"}],"replies":[{"embeddable":true,"href":"https:\/\/abculturaldrivers.com\/es\/wp-json\/wp\/v2\/comments?post=555"}],"version-history":[{"count":2,"href":"https:\/\/abculturaldrivers.com\/es\/wp-json\/wp\/v2\/pages\/555\/revisions"}],"predecessor-version":[{"id":668,"href":"https:\/\/abculturaldrivers.com\/es\/wp-json\/wp\/v2\/pages\/555\/revisions\/668"}],"up":[{"embeddable":true,"href":"https:\/\/abculturaldrivers.com\/es\/wp-json\/wp\/v2\/pages\/544"}],"wp:attachment":[{"href":"https:\/\/abculturaldrivers.com\/es\/wp-json\/wp\/v2\/media?parent=555"}],"curies":[{"name":"wp","href":"https:\/\/api.w.org\/{rel}","templated":true}]}}