{"id":553,"date":"2017-07-17T22:03:31","date_gmt":"2017-07-17T22:03:31","guid":{"rendered":"https:\/\/abcdrivers.thisistap.com\/?page_id=553\/"},"modified":"2017-09-28T03:32:24","modified_gmt":"2017-09-28T03:32:24","slug":"clientes-y-socios","status":"publish","type":"page","link":"https:\/\/abculturaldrivers.com\/es\/nosotros\/clientes-y-socios\/","title":{"rendered":"Clientes y Socios"},"content":{"rendered":"<p>Muchos de nuestros clientes son investigadores y evaluadores, incluyendo:<\/p>\n<ul>\n<li>Centros de investigaci\u00f3n universitarios<\/li>\n<li>Grupos de evaluaci\u00f3n de museos<\/li>\n<li>Institutos de investigaci\u00f3n<\/li>\n<li>Grupos de evaluaci\u00f3n sin fines de lucro<\/li>\n<li>Investigadores independientes y consultores de evaluaci\u00f3n<\/li>\n<li>Grupos de supervisi\u00f3n y evaluaci\u00f3n de fundaciones<\/li>\n<li>Grupos de supervisi\u00f3n y evaluaci\u00f3n de arte y cultura<\/li>\n<li>Estudiantes de grado y posgrado<\/li>\n<\/ul>\n<p>Tambi\u00e9n trabajamos con una gama distinta de organizaciones que buscan incrementar sus habilidades de competencia cultural, como:<\/p>\n<ul>\n<li>Organizaciones no gubernamentales y sin fines de lucro<\/li>\n<li>Constructores de exhibiciones interactivas<\/li>\n<li>Productores de Medios audiovisuales o multimedia<\/li>\n<li>Especialistas en material educativo<\/li>\n<li>Consultores independientes en capacitaci\u00f3n<\/li>\n<\/ul>\n<p>Estos son algunos de los clientes con los que hemos tenido el placer de trabajar.<\/p>\n<div class=\"one-half first\"><a href=\"http:\/\/www.thecircusproject.org\/\" target=\"_blank\" rel=\"noopener\"><br \/>\n<img decoding=\"async\" class=\"clients-partners\" src=\"https:\/\/abculturaldrivers.com\/wp-content\/uploads\/2016\/12\/circus-project-logo.png\" \/><br \/>\n<\/a><\/div>\n<div class=\"one-half\"><a href=\"http:\/\/exposeyourmuseum.com\/\" target=\"_blank\" rel=\"noopener\"><br \/>\n<img decoding=\"async\" class=\"clients-partners\" src=\"https:\/\/abculturaldrivers.com\/wp-content\/uploads\/2016\/12\/expose-your-museum-logo.png\" \/><br \/>\n<\/a><\/div>\n<div class=\"one-half first\"><a href=\"http:\/\/www.ficg.mx\/32\/index.php\/es\/\" target=\"_blank\" rel=\"noopener\"><br \/>\n<img decoding=\"async\" class=\"clients-partners\" src=\"https:\/\/abculturaldrivers.com\/wp-content\/uploads\/2016\/12\/guadalajara-international-film-festival-logo.jpg\" \/><br \/>\n<\/a><\/div>\n<div class=\"one-half\"><a href=\"http:\/\/www.instituteforlearninginnovation.org\/\" target=\"_blank\" rel=\"noopener\"><br \/>\n<img decoding=\"async\" class=\"clients-partners\" src=\"https:\/\/abculturaldrivers.com\/wp-content\/uploads\/2016\/12\/institute-for-learning-innovation-logo.png\" \/><br \/>\n<\/a><\/div>\n<div class=\"one-half first\"><a href=\"http:\/\/www.latnet.org\/\" target=\"_blank\" rel=\"noopener\"><br \/>\n<img decoding=\"async\" class=\"clients-partners\" src=\"https:\/\/abculturaldrivers.com\/wp-content\/uploads\/2016\/12\/latino-network-logo.png\" \/><br \/>\n<\/a><\/div>\n<div class=\"one-half\"><a href=\"http:\/\/en.lea-la.com\/\" target=\"_blank\" rel=\"noopener\"><br \/>\n<img decoding=\"async\" class=\"clients-partners\" src=\"https:\/\/abculturaldrivers.com\/wp-content\/uploads\/2016\/12\/lea-la-logo.png\" \/><br \/>\n<\/a><\/div>\n<div class=\"one-half first\"><a href=\"http:\/\/www.nisenet.org\/\" target=\"_blank\" rel=\"noopener\"><br \/>\n<img decoding=\"async\" class=\"clients-partners\" src=\"https:\/\/abculturaldrivers.com\/wp-content\/uploads\/2016\/12\/nise-logo.jpg\" \/><br \/>\n<\/a><\/div>\n<div class=\"one-half\"><a href=\"http:\/\/www.oregoncf.org\" target=\"_blank\" rel=\"noopener\"><br \/>\n<img decoding=\"async\" class=\"clients-partners\" src=\"https:\/\/abculturaldrivers.com\/wp-content\/uploads\/2016\/12\/ocf-logo.jpg\" \/><br \/>\n<\/a><\/div>\n<div class=\"one-half first\"><a href=\"http:\/\/www.omsi.edu\/\" target=\"_blank\" rel=\"noopener\"><br \/>\n<img decoding=\"async\" class=\"clients-partners\" src=\"https:\/\/abculturaldrivers.com\/wp-content\/uploads\/2016\/12\/omsi-logo.png\" \/><br \/>\n<\/a><\/div>\n<div class=\"one-half\"><a href=\"http:\/\/www.pdx.edu\/ces\/home\" target=\"_blank\" rel=\"noopener\"><br \/>\n<img decoding=\"async\" class=\"clients-partners\" src=\"https:\/\/abculturaldrivers.com\/wp-content\/uploads\/2016\/12\/psu-logo.jpg\" \/><br \/>\n<\/a><\/div>\n<p>&nbsp;<\/p>\n<p>&nbsp;<\/p>\n","protected":false},"excerpt":{"rendered":"<p>Nuestros clientes y socios est\u00e1n unidos por su deseo de incrementar sus habilidades de competencia cultural. Damos servicio a investigadores y evaluadores, as\u00ed como a una gama de organizaciones que trabajan con poblaciones diversas en t\u00e9rminos culturales, \u00e9tnicos y ling\u00fc\u00edsticos.<\/p>\n","protected":false},"author":1,"featured_media":0,"parent":544,"menu_order":0,"comment_status":"closed","ping_status":"closed","template":"","meta":{"_acf_changed":false,"_exactmetrics_skip_tracking":false,"_exactmetrics_sitenote_active":false,"_exactmetrics_sitenote_note":"","_exactmetrics_sitenote_category":0,"_genesis_hide_title":false,"_genesis_hide_breadcrumbs":false,"_genesis_hide_singular_image":false,"_genesis_hide_footer_widgets":false,"_genesis_custom_body_class":"","_genesis_custom_post_class":"","_genesis_layout":"","footnotes":""},"class_list":{"0":"post-553","1":"page","2":"type-page","3":"status-publish","5":"entry"},"acf":[],"yoast_head":"<!-- This site is optimized with the Yoast SEO plugin v27.3 - https:\/\/yoast.com\/product\/yoast-seo-wordpress\/ -->\n<title>Clientes y Socios - AB Cultural Drivers<\/title>\n<meta name=\"robots\" content=\"index, follow, max-snippet:-1, max-image-preview:large, max-video-preview:-1\" \/>\n<link rel=\"canonical\" href=\"https:\/\/abculturaldrivers.com\/es\/nosotros\/clientes-y-socios\/\" \/>\n<meta property=\"og:locale\" content=\"es_ES\" \/>\n<meta property=\"og:type\" content=\"article\" \/>\n<meta property=\"og:title\" content=\"Clientes y Socios - AB Cultural Drivers\" \/>\n<meta property=\"og:description\" content=\"Nuestros clientes y socios est\u00e1n unidos por su deseo de incrementar sus habilidades de competencia cultural. Damos servicio a investigadores y evaluadores, as\u00ed como a una gama de organizaciones que trabajan con poblaciones diversas en t\u00e9rminos culturales, \u00e9tnicos y ling\u00fc\u00edsticos.\" \/>\n<meta property=\"og:url\" content=\"https:\/\/abculturaldrivers.com\/es\/nosotros\/clientes-y-socios\/\" \/>\n<meta property=\"og:site_name\" content=\"AB Cultural Drivers\" \/>\n<meta property=\"article:modified_time\" content=\"2017-09-28T03:32:24+00:00\" \/>\n<meta property=\"og:image\" content=\"https:\/\/abculturaldrivers.com\/wp-content\/uploads\/2016\/12\/circus-project-logo.png\" \/>\n<meta name=\"twitter:card\" content=\"summary_large_image\" \/>\n<meta name=\"twitter:label1\" content=\"Tiempo de lectura\" \/>\n\t<meta name=\"twitter:data1\" content=\"1 minuto\" \/>\n<script type=\"application\/ld+json\" class=\"yoast-schema-graph\">{\"@context\":\"https:\\\/\\\/schema.org\",\"@graph\":[{\"@type\":\"WebPage\",\"@id\":\"https:\\\/\\\/abculturaldrivers.com\\\/es\\\/nosotros\\\/clientes-y-socios\\\/\",\"url\":\"https:\\\/\\\/abculturaldrivers.com\\\/es\\\/nosotros\\\/clientes-y-socios\\\/\",\"name\":\"Clientes y Socios - AB Cultural Drivers\",\"isPartOf\":{\"@id\":\"https:\\\/\\\/abculturaldrivers.com\\\/#website\"},\"primaryImageOfPage\":{\"@id\":\"https:\\\/\\\/abculturaldrivers.com\\\/es\\\/nosotros\\\/clientes-y-socios\\\/#primaryimage\"},\"image\":{\"@id\":\"https:\\\/\\\/abculturaldrivers.com\\\/es\\\/nosotros\\\/clientes-y-socios\\\/#primaryimage\"},\"thumbnailUrl\":\"https:\\\/\\\/abculturaldrivers.com\\\/wp-content\\\/uploads\\\/2016\\\/12\\\/circus-project-logo.png\",\"datePublished\":\"2017-07-17T22:03:31+00:00\",\"dateModified\":\"2017-09-28T03:32:24+00:00\",\"breadcrumb\":{\"@id\":\"https:\\\/\\\/abculturaldrivers.com\\\/es\\\/nosotros\\\/clientes-y-socios\\\/#breadcrumb\"},\"inLanguage\":\"es\",\"potentialAction\":[{\"@type\":\"ReadAction\",\"target\":[\"https:\\\/\\\/abculturaldrivers.com\\\/es\\\/nosotros\\\/clientes-y-socios\\\/\"]}]},{\"@type\":\"ImageObject\",\"inLanguage\":\"es\",\"@id\":\"https:\\\/\\\/abculturaldrivers.com\\\/es\\\/nosotros\\\/clientes-y-socios\\\/#primaryimage\",\"url\":\"https:\\\/\\\/abculturaldrivers.com\\\/wp-content\\\/uploads\\\/2016\\\/12\\\/circus-project-logo.png\",\"contentUrl\":\"https:\\\/\\\/abculturaldrivers.com\\\/wp-content\\\/uploads\\\/2016\\\/12\\\/circus-project-logo.png\"},{\"@type\":\"BreadcrumbList\",\"@id\":\"https:\\\/\\\/abculturaldrivers.com\\\/es\\\/nosotros\\\/clientes-y-socios\\\/#breadcrumb\",\"itemListElement\":[{\"@type\":\"ListItem\",\"position\":1,\"name\":\"Home\",\"item\":\"https:\\\/\\\/abculturaldrivers.com\\\/\"},{\"@type\":\"ListItem\",\"position\":2,\"name\":\"Nosotros\",\"item\":\"https:\\\/\\\/abculturaldrivers.com\\\/es\\\/nosotros\\\/\"},{\"@type\":\"ListItem\",\"position\":3,\"name\":\"Clientes y Socios\"}]},{\"@type\":\"WebSite\",\"@id\":\"https:\\\/\\\/abculturaldrivers.com\\\/#website\",\"url\":\"https:\\\/\\\/abculturaldrivers.com\\\/\",\"name\":\"AB Cultural Drivers\",\"description\":\"Responsive Research and Evaluation\",\"publisher\":{\"@id\":\"https:\\\/\\\/abculturaldrivers.com\\\/#organization\"},\"potentialAction\":[{\"@type\":\"SearchAction\",\"target\":{\"@type\":\"EntryPoint\",\"urlTemplate\":\"https:\\\/\\\/abculturaldrivers.com\\\/?s={search_term_string}\"},\"query-input\":{\"@type\":\"PropertyValueSpecification\",\"valueRequired\":true,\"valueName\":\"search_term_string\"}}],\"inLanguage\":\"es\"},{\"@type\":\"Organization\",\"@id\":\"https:\\\/\\\/abculturaldrivers.com\\\/#organization\",\"name\":\"AB Cultural Drivers\",\"url\":\"https:\\\/\\\/abculturaldrivers.com\\\/\",\"logo\":{\"@type\":\"ImageObject\",\"inLanguage\":\"es\",\"@id\":\"https:\\\/\\\/abculturaldrivers.com\\\/#\\\/schema\\\/logo\\\/image\\\/\",\"url\":\"https:\\\/\\\/abculturaldrivers.com\\\/wp-content\\\/uploads\\\/2016\\\/12\\\/abcd-logo-green-1.png\",\"contentUrl\":\"https:\\\/\\\/abculturaldrivers.com\\\/wp-content\\\/uploads\\\/2016\\\/12\\\/abcd-logo-green-1.png\",\"width\":400,\"height\":32,\"caption\":\"AB Cultural Drivers\"},\"image\":{\"@id\":\"https:\\\/\\\/abculturaldrivers.com\\\/#\\\/schema\\\/logo\\\/image\\\/\"}}]}<\/script>\n<!-- \/ Yoast SEO plugin. -->","yoast_head_json":{"title":"Clientes y Socios - AB Cultural Drivers","robots":{"index":"index","follow":"follow","max-snippet":"max-snippet:-1","max-image-preview":"max-image-preview:large","max-video-preview":"max-video-preview:-1"},"canonical":"https:\/\/abculturaldrivers.com\/es\/nosotros\/clientes-y-socios\/","og_locale":"es_ES","og_type":"article","og_title":"Clientes y Socios - AB Cultural Drivers","og_description":"Nuestros clientes y socios est\u00e1n unidos por su deseo de incrementar sus habilidades de competencia cultural. Damos servicio a investigadores y evaluadores, as\u00ed como a una gama de organizaciones que trabajan con poblaciones diversas en t\u00e9rminos culturales, \u00e9tnicos y ling\u00fc\u00edsticos.","og_url":"https:\/\/abculturaldrivers.com\/es\/nosotros\/clientes-y-socios\/","og_site_name":"AB Cultural Drivers","article_modified_time":"2017-09-28T03:32:24+00:00","og_image":[{"url":"https:\/\/abculturaldrivers.com\/wp-content\/uploads\/2016\/12\/circus-project-logo.png","type":"","width":"","height":""}],"twitter_card":"summary_large_image","twitter_misc":{"Tiempo de lectura":"1 minuto"},"schema":{"@context":"https:\/\/schema.org","@graph":[{"@type":"WebPage","@id":"https:\/\/abculturaldrivers.com\/es\/nosotros\/clientes-y-socios\/","url":"https:\/\/abculturaldrivers.com\/es\/nosotros\/clientes-y-socios\/","name":"Clientes y Socios - AB Cultural Drivers","isPartOf":{"@id":"https:\/\/abculturaldrivers.com\/#website"},"primaryImageOfPage":{"@id":"https:\/\/abculturaldrivers.com\/es\/nosotros\/clientes-y-socios\/#primaryimage"},"image":{"@id":"https:\/\/abculturaldrivers.com\/es\/nosotros\/clientes-y-socios\/#primaryimage"},"thumbnailUrl":"https:\/\/abculturaldrivers.com\/wp-content\/uploads\/2016\/12\/circus-project-logo.png","datePublished":"2017-07-17T22:03:31+00:00","dateModified":"2017-09-28T03:32:24+00:00","breadcrumb":{"@id":"https:\/\/abculturaldrivers.com\/es\/nosotros\/clientes-y-socios\/#breadcrumb"},"inLanguage":"es","potentialAction":[{"@type":"ReadAction","target":["https:\/\/abculturaldrivers.com\/es\/nosotros\/clientes-y-socios\/"]}]},{"@type":"ImageObject","inLanguage":"es","@id":"https:\/\/abculturaldrivers.com\/es\/nosotros\/clientes-y-socios\/#primaryimage","url":"https:\/\/abculturaldrivers.com\/wp-content\/uploads\/2016\/12\/circus-project-logo.png","contentUrl":"https:\/\/abculturaldrivers.com\/wp-content\/uploads\/2016\/12\/circus-project-logo.png"},{"@type":"BreadcrumbList","@id":"https:\/\/abculturaldrivers.com\/es\/nosotros\/clientes-y-socios\/#breadcrumb","itemListElement":[{"@type":"ListItem","position":1,"name":"Home","item":"https:\/\/abculturaldrivers.com\/"},{"@type":"ListItem","position":2,"name":"Nosotros","item":"https:\/\/abculturaldrivers.com\/es\/nosotros\/"},{"@type":"ListItem","position":3,"name":"Clientes y Socios"}]},{"@type":"WebSite","@id":"https:\/\/abculturaldrivers.com\/#website","url":"https:\/\/abculturaldrivers.com\/","name":"AB Cultural Drivers","description":"Responsive Research and Evaluation","publisher":{"@id":"https:\/\/abculturaldrivers.com\/#organization"},"potentialAction":[{"@type":"SearchAction","target":{"@type":"EntryPoint","urlTemplate":"https:\/\/abculturaldrivers.com\/?s={search_term_string}"},"query-input":{"@type":"PropertyValueSpecification","valueRequired":true,"valueName":"search_term_string"}}],"inLanguage":"es"},{"@type":"Organization","@id":"https:\/\/abculturaldrivers.com\/#organization","name":"AB Cultural Drivers","url":"https:\/\/abculturaldrivers.com\/","logo":{"@type":"ImageObject","inLanguage":"es","@id":"https:\/\/abculturaldrivers.com\/#\/schema\/logo\/image\/","url":"https:\/\/abculturaldrivers.com\/wp-content\/uploads\/2016\/12\/abcd-logo-green-1.png","contentUrl":"https:\/\/abculturaldrivers.com\/wp-content\/uploads\/2016\/12\/abcd-logo-green-1.png","width":400,"height":32,"caption":"AB Cultural Drivers"},"image":{"@id":"https:\/\/abculturaldrivers.com\/#\/schema\/logo\/image\/"}}]}},"_links":{"self":[{"href":"https:\/\/abculturaldrivers.com\/es\/wp-json\/wp\/v2\/pages\/553","targetHints":{"allow":["GET"]}}],"collection":[{"href":"https:\/\/abculturaldrivers.com\/es\/wp-json\/wp\/v2\/pages"}],"about":[{"href":"https:\/\/abculturaldrivers.com\/es\/wp-json\/wp\/v2\/types\/page"}],"author":[{"embeddable":true,"href":"https:\/\/abculturaldrivers.com\/es\/wp-json\/wp\/v2\/users\/1"}],"replies":[{"embeddable":true,"href":"https:\/\/abculturaldrivers.com\/es\/wp-json\/wp\/v2\/comments?post=553"}],"version-history":[{"count":6,"href":"https:\/\/abculturaldrivers.com\/es\/wp-json\/wp\/v2\/pages\/553\/revisions"}],"predecessor-version":[{"id":671,"href":"https:\/\/abculturaldrivers.com\/es\/wp-json\/wp\/v2\/pages\/553\/revisions\/671"}],"up":[{"embeddable":true,"href":"https:\/\/abculturaldrivers.com\/es\/wp-json\/wp\/v2\/pages\/544"}],"wp:attachment":[{"href":"https:\/\/abculturaldrivers.com\/es\/wp-json\/wp\/v2\/media?parent=553"}],"curies":[{"name":"wp","href":"https:\/\/api.w.org\/{rel}","templated":true}]}}