{"id":544,"date":"2017-07-14T17:15:15","date_gmt":"2017-07-14T17:15:15","guid":{"rendered":"https:\/\/abcdrivers.thisistap.com\/?page_id=544\/"},"modified":"2017-09-26T23:22:30","modified_gmt":"2017-09-26T23:22:30","slug":"nosotros","status":"publish","type":"page","link":"https:\/\/abculturaldrivers.com\/es\/nosotros\/","title":{"rendered":"Nosotros"},"content":{"rendered":"<div class=\"one-half first\">\n<h2>Enfoque<\/h2>\n<p>No somos un servicio t\u00edpico de consultor\u00eda externa. De hecho no trabajamos desde afuera, por el contrario, nos integramos a las organizaciones para ayudar con las transformaciones desde dentro.<\/p>\n<p><a class=\"button small green\" href=\"https:\/\/abculturaldrivers.com\/es\/nosotros\/enfoque\/\">Nuestro Enfoque<\/a><\/p>\n<\/div>\n<div class=\"one-half\">\n<h2>Clientes y Socios<\/h2>\n<p>Nuestros clientes y socios est\u00e1n unidos por su deseo de incrementar sus habilidades de adaptaci\u00f3n cultural. Damos servicio a investigadores y evaluadores, as\u00ed como a una gama de organizaciones que trabajan con poblaciones diversas en t\u00e9rminos culturales, \u00e9tnicos y ling\u00fc\u00edsticos.<\/p>\n<p><a class=\"button small green\" href=\"https:\/\/abculturaldrivers.com\/es\/nosotros\/clientes-y-socios\/\">Nuestros clientes y socios<\/a><\/p>\n<\/div>\n<div class=\"clear-line\"><\/div>\n<div class=\"one-third first\">\n<h2>Team<\/h2>\n<p>Nuestro equipo binacional establecido en Portland y Guadalajara est\u00e1 completamente integrado a las comunidades con las que trabajamos. Buscamos transmitir este conocimiento profundo a nuestros clientes para ayudarles a trabajar de manera m\u00e1s eficaz con las comunidades latinas.<\/p>\n<\/div>\n<div class=\"one-third\"><a href=\"https:\/\/abculturaldrivers.com\/es\/nosotros\/nelda\/\"><img loading=\"lazy\" decoding=\"async\" class=\"alignnone wp-image-111 size-large\" src=\"https:\/\/abculturaldrivers.com\/wp-content\/uploads\/2016\/10\/nelda-reyes-1024x683.jpg\" alt=\"Nelda Reyes\" width=\"1024\" height=\"683\" srcset=\"https:\/\/abculturaldrivers.com\/wp-content\/uploads\/2016\/10\/nelda-reyes-1024x683.jpg 1024w, https:\/\/abculturaldrivers.com\/wp-content\/uploads\/2016\/10\/nelda-reyes-300x200.jpg 300w, https:\/\/abculturaldrivers.com\/wp-content\/uploads\/2016\/10\/nelda-reyes-768x512.jpg 768w, https:\/\/abculturaldrivers.com\/wp-content\/uploads\/2016\/10\/nelda-reyes.jpg 1366w\" sizes=\"auto, (max-width: 1024px) 100vw, 1024px\" \/><\/a><\/p>\n<h3>Nelda Reyes<\/h3>\n<h6>Directora<\/h6>\n<\/div>\n<div class=\"one-third\"><a href=\"https:\/\/abculturaldrivers.com\/es\/nosotros\/sergio\/\"><img loading=\"lazy\" decoding=\"async\" class=\"alignnone size-large wp-image-114\" src=\"https:\/\/abculturaldrivers.com\/wp-content\/uploads\/2016\/10\/sergio-omar-salazar-1024x684.jpg\" alt=\"Sergio Omar Salazar\" width=\"1024\" height=\"684\" srcset=\"https:\/\/abculturaldrivers.com\/wp-content\/uploads\/2016\/10\/sergio-omar-salazar-1024x684.jpg 1024w, https:\/\/abculturaldrivers.com\/wp-content\/uploads\/2016\/10\/sergio-omar-salazar-300x200.jpg 300w, https:\/\/abculturaldrivers.com\/wp-content\/uploads\/2016\/10\/sergio-omar-salazar-768x513.jpg 768w, https:\/\/abculturaldrivers.com\/wp-content\/uploads\/2016\/10\/sergio-omar-salazar-2000x1335.jpg 2000w, https:\/\/abculturaldrivers.com\/wp-content\/uploads\/2016\/10\/sergio-omar-salazar.jpg 2048w\" sizes=\"auto, (max-width: 1024px) 100vw, 1024px\" \/><\/a><\/p>\n<h3>Sergio Omar Salazar<\/h3>\n<h6>Investigador Asociado<\/h6>\n<\/div>\n","protected":false},"excerpt":{"rendered":"<p>Trabajamos en colaboraci\u00f3n con investigadores, evaluadores, dise\u00f1adores y operadores de programas,fundaciones y organizaciones para investigar, evaluar y desarrollar proyectos culturalmente espec\u00edficos. Nos especializamos en proyectos culturales y educativos que involucran comunidades latinas en Estados Unidos y Am\u00e9rica Latina.<\/p>\n","protected":false},"author":1,"featured_media":0,"parent":0,"menu_order":0,"comment_status":"closed","ping_status":"closed","template":"page-full-width.php","meta":{"_acf_changed":false,"_exactmetrics_skip_tracking":false,"_exactmetrics_sitenote_active":false,"_exactmetrics_sitenote_note":"","_exactmetrics_sitenote_category":0,"_genesis_hide_title":false,"_genesis_hide_breadcrumbs":false,"_genesis_hide_singular_image":false,"_genesis_hide_footer_widgets":false,"_genesis_custom_body_class":"","_genesis_custom_post_class":"","_genesis_layout":"","footnotes":""},"class_list":{"0":"post-544","1":"page","2":"type-page","3":"status-publish","5":"entry"},"acf":[],"yoast_head":"<!-- This site is optimized with the Yoast SEO plugin v27.3 - https:\/\/yoast.com\/product\/yoast-seo-wordpress\/ -->\n<title>Nosotros - AB Cultural Drivers<\/title>\n<meta name=\"robots\" content=\"index, follow, max-snippet:-1, max-image-preview:large, max-video-preview:-1\" \/>\n<link rel=\"canonical\" href=\"https:\/\/abculturaldrivers.com\/es\/nosotros\/\" \/>\n<meta property=\"og:locale\" content=\"es_ES\" \/>\n<meta property=\"og:type\" content=\"article\" \/>\n<meta property=\"og:title\" content=\"Nosotros - AB Cultural Drivers\" \/>\n<meta property=\"og:description\" content=\"Trabajamos en colaboraci\u00f3n con investigadores, evaluadores, dise\u00f1adores y operadores de programas,fundaciones y organizaciones para investigar, evaluar y desarrollar proyectos culturalmente espec\u00edficos. Nos especializamos en proyectos culturales y educativos que involucran comunidades latinas en Estados Unidos y Am\u00e9rica Latina.\" \/>\n<meta property=\"og:url\" content=\"https:\/\/abculturaldrivers.com\/es\/nosotros\/\" \/>\n<meta property=\"og:site_name\" content=\"AB Cultural Drivers\" \/>\n<meta property=\"article:modified_time\" content=\"2017-09-26T23:22:30+00:00\" \/>\n<meta property=\"og:image\" content=\"https:\/\/abculturaldrivers.com\/wp-content\/uploads\/2016\/10\/nelda-reyes.jpg\" \/>\n\t<meta property=\"og:image:width\" content=\"1366\" \/>\n\t<meta property=\"og:image:height\" content=\"911\" \/>\n\t<meta property=\"og:image:type\" content=\"image\/jpeg\" \/>\n<meta name=\"twitter:card\" content=\"summary_large_image\" \/>\n<meta name=\"twitter:label1\" content=\"Tiempo de lectura\" \/>\n\t<meta name=\"twitter:data1\" content=\"1 minuto\" \/>\n<script type=\"application\/ld+json\" class=\"yoast-schema-graph\">{\"@context\":\"https:\\\/\\\/schema.org\",\"@graph\":[{\"@type\":\"WebPage\",\"@id\":\"https:\\\/\\\/abculturaldrivers.com\\\/es\\\/nosotros\\\/\",\"url\":\"https:\\\/\\\/abculturaldrivers.com\\\/es\\\/nosotros\\\/\",\"name\":\"Nosotros - AB Cultural Drivers\",\"isPartOf\":{\"@id\":\"https:\\\/\\\/abculturaldrivers.com\\\/#website\"},\"primaryImageOfPage\":{\"@id\":\"https:\\\/\\\/abculturaldrivers.com\\\/es\\\/nosotros\\\/#primaryimage\"},\"image\":{\"@id\":\"https:\\\/\\\/abculturaldrivers.com\\\/es\\\/nosotros\\\/#primaryimage\"},\"thumbnailUrl\":\"https:\\\/\\\/abculturaldrivers.com\\\/wp-content\\\/uploads\\\/2016\\\/10\\\/nelda-reyes-1024x683.jpg\",\"datePublished\":\"2017-07-14T17:15:15+00:00\",\"dateModified\":\"2017-09-26T23:22:30+00:00\",\"breadcrumb\":{\"@id\":\"https:\\\/\\\/abculturaldrivers.com\\\/es\\\/nosotros\\\/#breadcrumb\"},\"inLanguage\":\"es\",\"potentialAction\":[{\"@type\":\"ReadAction\",\"target\":[\"https:\\\/\\\/abculturaldrivers.com\\\/es\\\/nosotros\\\/\"]}]},{\"@type\":\"ImageObject\",\"inLanguage\":\"es\",\"@id\":\"https:\\\/\\\/abculturaldrivers.com\\\/es\\\/nosotros\\\/#primaryimage\",\"url\":\"https:\\\/\\\/abculturaldrivers.com\\\/wp-content\\\/uploads\\\/2016\\\/10\\\/nelda-reyes-1024x683.jpg\",\"contentUrl\":\"https:\\\/\\\/abculturaldrivers.com\\\/wp-content\\\/uploads\\\/2016\\\/10\\\/nelda-reyes-1024x683.jpg\"},{\"@type\":\"BreadcrumbList\",\"@id\":\"https:\\\/\\\/abculturaldrivers.com\\\/es\\\/nosotros\\\/#breadcrumb\",\"itemListElement\":[{\"@type\":\"ListItem\",\"position\":1,\"name\":\"Home\",\"item\":\"https:\\\/\\\/abculturaldrivers.com\\\/\"},{\"@type\":\"ListItem\",\"position\":2,\"name\":\"Nosotros\"}]},{\"@type\":\"WebSite\",\"@id\":\"https:\\\/\\\/abculturaldrivers.com\\\/#website\",\"url\":\"https:\\\/\\\/abculturaldrivers.com\\\/\",\"name\":\"AB Cultural Drivers\",\"description\":\"Responsive Research and Evaluation\",\"publisher\":{\"@id\":\"https:\\\/\\\/abculturaldrivers.com\\\/#organization\"},\"potentialAction\":[{\"@type\":\"SearchAction\",\"target\":{\"@type\":\"EntryPoint\",\"urlTemplate\":\"https:\\\/\\\/abculturaldrivers.com\\\/?s={search_term_string}\"},\"query-input\":{\"@type\":\"PropertyValueSpecification\",\"valueRequired\":true,\"valueName\":\"search_term_string\"}}],\"inLanguage\":\"es\"},{\"@type\":\"Organization\",\"@id\":\"https:\\\/\\\/abculturaldrivers.com\\\/#organization\",\"name\":\"AB Cultural Drivers\",\"url\":\"https:\\\/\\\/abculturaldrivers.com\\\/\",\"logo\":{\"@type\":\"ImageObject\",\"inLanguage\":\"es\",\"@id\":\"https:\\\/\\\/abculturaldrivers.com\\\/#\\\/schema\\\/logo\\\/image\\\/\",\"url\":\"https:\\\/\\\/abculturaldrivers.com\\\/wp-content\\\/uploads\\\/2016\\\/12\\\/abcd-logo-green-1.png\",\"contentUrl\":\"https:\\\/\\\/abculturaldrivers.com\\\/wp-content\\\/uploads\\\/2016\\\/12\\\/abcd-logo-green-1.png\",\"width\":400,\"height\":32,\"caption\":\"AB Cultural Drivers\"},\"image\":{\"@id\":\"https:\\\/\\\/abculturaldrivers.com\\\/#\\\/schema\\\/logo\\\/image\\\/\"}}]}<\/script>\n<!-- \/ Yoast SEO plugin. -->","yoast_head_json":{"title":"Nosotros - AB Cultural Drivers","robots":{"index":"index","follow":"follow","max-snippet":"max-snippet:-1","max-image-preview":"max-image-preview:large","max-video-preview":"max-video-preview:-1"},"canonical":"https:\/\/abculturaldrivers.com\/es\/nosotros\/","og_locale":"es_ES","og_type":"article","og_title":"Nosotros - AB Cultural Drivers","og_description":"Trabajamos en colaboraci\u00f3n con investigadores, evaluadores, dise\u00f1adores y operadores de programas,fundaciones y organizaciones para investigar, evaluar y desarrollar proyectos culturalmente espec\u00edficos. Nos especializamos en proyectos culturales y educativos que involucran comunidades latinas en Estados Unidos y Am\u00e9rica Latina.","og_url":"https:\/\/abculturaldrivers.com\/es\/nosotros\/","og_site_name":"AB Cultural Drivers","article_modified_time":"2017-09-26T23:22:30+00:00","og_image":[{"width":1366,"height":911,"url":"https:\/\/abculturaldrivers.com\/wp-content\/uploads\/2016\/10\/nelda-reyes.jpg","type":"image\/jpeg"}],"twitter_card":"summary_large_image","twitter_misc":{"Tiempo de lectura":"1 minuto"},"schema":{"@context":"https:\/\/schema.org","@graph":[{"@type":"WebPage","@id":"https:\/\/abculturaldrivers.com\/es\/nosotros\/","url":"https:\/\/abculturaldrivers.com\/es\/nosotros\/","name":"Nosotros - AB Cultural Drivers","isPartOf":{"@id":"https:\/\/abculturaldrivers.com\/#website"},"primaryImageOfPage":{"@id":"https:\/\/abculturaldrivers.com\/es\/nosotros\/#primaryimage"},"image":{"@id":"https:\/\/abculturaldrivers.com\/es\/nosotros\/#primaryimage"},"thumbnailUrl":"https:\/\/abculturaldrivers.com\/wp-content\/uploads\/2016\/10\/nelda-reyes-1024x683.jpg","datePublished":"2017-07-14T17:15:15+00:00","dateModified":"2017-09-26T23:22:30+00:00","breadcrumb":{"@id":"https:\/\/abculturaldrivers.com\/es\/nosotros\/#breadcrumb"},"inLanguage":"es","potentialAction":[{"@type":"ReadAction","target":["https:\/\/abculturaldrivers.com\/es\/nosotros\/"]}]},{"@type":"ImageObject","inLanguage":"es","@id":"https:\/\/abculturaldrivers.com\/es\/nosotros\/#primaryimage","url":"https:\/\/abculturaldrivers.com\/wp-content\/uploads\/2016\/10\/nelda-reyes-1024x683.jpg","contentUrl":"https:\/\/abculturaldrivers.com\/wp-content\/uploads\/2016\/10\/nelda-reyes-1024x683.jpg"},{"@type":"BreadcrumbList","@id":"https:\/\/abculturaldrivers.com\/es\/nosotros\/#breadcrumb","itemListElement":[{"@type":"ListItem","position":1,"name":"Home","item":"https:\/\/abculturaldrivers.com\/"},{"@type":"ListItem","position":2,"name":"Nosotros"}]},{"@type":"WebSite","@id":"https:\/\/abculturaldrivers.com\/#website","url":"https:\/\/abculturaldrivers.com\/","name":"AB Cultural Drivers","description":"Responsive Research and Evaluation","publisher":{"@id":"https:\/\/abculturaldrivers.com\/#organization"},"potentialAction":[{"@type":"SearchAction","target":{"@type":"EntryPoint","urlTemplate":"https:\/\/abculturaldrivers.com\/?s={search_term_string}"},"query-input":{"@type":"PropertyValueSpecification","valueRequired":true,"valueName":"search_term_string"}}],"inLanguage":"es"},{"@type":"Organization","@id":"https:\/\/abculturaldrivers.com\/#organization","name":"AB Cultural Drivers","url":"https:\/\/abculturaldrivers.com\/","logo":{"@type":"ImageObject","inLanguage":"es","@id":"https:\/\/abculturaldrivers.com\/#\/schema\/logo\/image\/","url":"https:\/\/abculturaldrivers.com\/wp-content\/uploads\/2016\/12\/abcd-logo-green-1.png","contentUrl":"https:\/\/abculturaldrivers.com\/wp-content\/uploads\/2016\/12\/abcd-logo-green-1.png","width":400,"height":32,"caption":"AB Cultural Drivers"},"image":{"@id":"https:\/\/abculturaldrivers.com\/#\/schema\/logo\/image\/"}}]}},"_links":{"self":[{"href":"https:\/\/abculturaldrivers.com\/es\/wp-json\/wp\/v2\/pages\/544","targetHints":{"allow":["GET"]}}],"collection":[{"href":"https:\/\/abculturaldrivers.com\/es\/wp-json\/wp\/v2\/pages"}],"about":[{"href":"https:\/\/abculturaldrivers.com\/es\/wp-json\/wp\/v2\/types\/page"}],"author":[{"embeddable":true,"href":"https:\/\/abculturaldrivers.com\/es\/wp-json\/wp\/v2\/users\/1"}],"replies":[{"embeddable":true,"href":"https:\/\/abculturaldrivers.com\/es\/wp-json\/wp\/v2\/comments?post=544"}],"version-history":[{"count":6,"href":"https:\/\/abculturaldrivers.com\/es\/wp-json\/wp\/v2\/pages\/544\/revisions"}],"predecessor-version":[{"id":661,"href":"https:\/\/abculturaldrivers.com\/es\/wp-json\/wp\/v2\/pages\/544\/revisions\/661"}],"wp:attachment":[{"href":"https:\/\/abculturaldrivers.com\/es\/wp-json\/wp\/v2\/media?parent=544"}],"curies":[{"name":"wp","href":"https:\/\/api.w.org\/{rel}","templated":true}]}}